{"id":3,"date":"2019-07-29T18:30:12","date_gmt":"2019-07-29T16:30:12","guid":{"rendered":"https:\/\/jivecats.hopto.org\/WordPress\/?page_id=3"},"modified":"2019-08-02T21:14:24","modified_gmt":"2019-08-02T19:14:24","slug":"datenschutzerklaerung","status":"publish","type":"page","link":"https:\/\/jivecats.hopto.org\/WordPress\/impressum-kontakt\/datenschutzerklaerung\/","title":{"rendered":"Datenschutzerkl\u00e4rung"},"content":{"rendered":"\n<h4 class=\"wp-block-heading\">Welche personenbezogenen Daten wir sammeln und warum wir sie sammeln<\/h4>\n\n\n\n<h5 class=\"wp-block-heading\">Kontaktformulare \/ Anmeldeformulare<\/h5>\n\n\n\n<p>Wenn\u00a0du ein Kontaktformular \/ Anmeldeformular benutzt, werden mit deinem Einverst\u00e4ndnis die von dir angegebenen Daten an uns weitergegeben.Diese Webseite benutzt dazu das WordPress-Plugin \u201eNinja Forms\u201c.<\/p>\n\n\n\n<h5 class=\"wp-block-heading\">Analysedienste \/ Social-Media-Verkn\u00fcpfungen<\/h5>\n\n\n\n<p>Wir benutzen keine Social-Media-Verkn\u00fcpfungen und keine Analysedienste wie google analytics.<\/p>\n\n\n\n<h5 class=\"wp-block-heading\">Cookies<\/h5>\n\n\n\n<p>Wenn\u00a0du einen Kommentar auf unserer Website schreibst, kann das eine Einwilligung sein, deinen Namen, E-Mail-Adresse und Website in Cookies zu speichern. Dies ist eine Komfortfunktion, damit du nicht, wenn du einen weiteren Kommentar schreibst, all diese Daten erneut eingeben musst. Diese Cookies werden ein Jahr lang gespeichert.<br>Falls du ein Konto hast und dich auf dieser Website anmeldest, werden wir ein tempor\u00e4res Cookie setzen, um festzustellen, ob dein Browser Cookies akzeptiert. Dieses Cookie enth\u00e4lt keine personenbezogenen Daten und wird verworfen, wenn du deinen Browser schlie\u00dft.<br>Wenn du dich anmeldest, werden wir einige Cookies einrichten, um deine Anmeldeinformationen und Anzeigeoptionen zu speichern. Anmelde-Cookies verfallen nach zwei Tagen und Cookies f\u00fcr die Anzeigeoptionen nach einem Jahr. Falls du bei der Anmeldung \u201eAngemeldet bleiben\u201c ausw\u00e4hlst, wird deine Anmeldung zwei Wochen lang aufrechterhalten. Mit der Abmeldung aus deinem Konto werden die Anmelde-Cookies gel\u00f6scht.<br>Wenn du einen Artikel bearbeitest oder ver\u00f6ffentlichst, wird ein zus\u00e4tzlicher Cookie in deinem Browser gespeichert. Dieser Cookie enth\u00e4lt keine personenbezogenen Daten und verweist nur auf die Beitrags-ID des Artikels, den du gerade bearbeitet hast. Der Cookie verf\u00e4llt nach einem Tag.<\/p>\n\n\n\n<h5 class=\"wp-block-heading\">Eingebettete Inhalte von anderen Websites<\/h5>\n\n\n\n<p>Beitr\u00e4ge auf dieser Website k\u00f6nnen eingebettete Inhalte beinhalten (z.\u00a0B. Videos, Bilder, Beitr\u00e4ge etc.). Eingebettete Inhalte von anderen Websites verhalten sich exakt so, als ob der Besucher die andere Website besucht h\u00e4tte.<br>Diese Websites k\u00f6nnen Daten \u00fcber dich sammeln, Cookies benutzen, zus\u00e4tzliche Tracking-Dienste von Dritten einbetten und deine Interaktion mit diesem eingebetteten Inhalt aufzeichnen, inklusive deiner Interaktion mit dem eingebetteten Inhalt, falls du ein Konto hast und auf dieser Website angemeldet bist.<\/p>\n\n\n\n<h5 class=\"wp-block-heading\">Mit wem wir deine Daten teilen<\/h5>\n\n\n\n<p>Mit niemandem. Es gibt keine Social-Media-Plugins oder \u00e4hnliches.<\/p>\n\n\n\n<h5 class=\"wp-block-heading\">Wie lange wir deine Daten speichern<\/h5>\n\n\n\n<p>Wenn du einen Kommentar schreibst, wird dieser inklusive Metadaten zeitlich unbegrenzt gespeichert. Auf diese Art k\u00f6nnen wir Folgekommentare automatisch erkennen und freigeben, anstelle sie in einer Moderations-Warteschlange festzuhalten. Wenn du ein Kontaktformular \/ Anmeldeformular benutzt, werden die Daten ebenfalls gespeichert.<\/p>\n\n\n\n<h5 class=\"wp-block-heading\">Welche Rechte du an deinen Daten hast<\/h5>\n\n\n\n<p>Wenn du ein Konto auf dieser Website besitzt oder Kommentare geschrieben hast, kannst du einen Export deiner personenbezogenen Daten bei uns anfordern, inklusive aller Daten, die du uns mitgeteilt hast. Dar\u00fcber hinaus kannst du die L\u00f6schung aller personenbezogenen Daten, die wir von dir gespeichert haben, anfordern. Dies umfasst nicht die Daten, die wir aufgrund administrativer, rechtlicher oder sicherheitsrelevanter Notwendigkeiten aufbewahren m\u00fcssen.<\/p>\n\n\n\n<h5 class=\"wp-block-heading\">Wohin wir deine Daten senden<\/h5>\n\n\n\n<p>Besucher-Kommentare k\u00f6nnten von einem automatisierten Dienst zur Spam-Erkennung untersucht werden. Daten, die \u00fcber Formulare eingegeben werden, werden verschl\u00fcsselt an den Betreiber der Webseite gemailt.<\/p>\n\n\n\n<h5 class=\"wp-block-heading\">Welche Ma\u00dfnahmen wir bei Datenschutzverletzungen anbieten<\/h5>\n\n\n\n<p>Sollten Datenschutzrechte verletzt scheinen, bitten wir um&nbsp; Kontaktaufnahme ohne Kostennote zur umgehenden Regulierung.<\/p>\n","protected":false},"excerpt":{"rendered":"<p>Welche personenbezogenen Daten wir sammeln und warum wir sie sammeln Kontaktformulare \/ Anmeldeformulare Wenn\u00a0du ein Kontaktformular \/ Anmeldeformular benutzt, werden mit deinem Einverst\u00e4ndnis die von dir angegebenen Daten an uns weitergegeben.Diese Webseite benutzt dazu das WordPress-Plugin \u201eNinja Forms\u201c. Analysedienste \/ Social-Media-Verkn\u00fcpfungen Wir benutzen keine Social-Media-Verkn\u00fcpfungen und keine Analysedienste wie google analytics. Cookies Wenn\u00a0du einen Kommentar [&hellip;]<\/p>\n","protected":false},"author":1,"featured_media":0,"parent":34,"menu_order":0,"comment_status":"closed","ping_status":"closed","template":"","meta":{"footnotes":""},"class_list":["post-3","page","type-page","status-publish","hentry"],"_links":{"self":[{"href":"https:\/\/jivecats.hopto.org\/WordPress\/wp-json\/wp\/v2\/pages\/3","targetHints":{"allow":["GET"]}}],"collection":[{"href":"https:\/\/jivecats.hopto.org\/WordPress\/wp-json\/wp\/v2\/pages"}],"about":[{"href":"https:\/\/jivecats.hopto.org\/WordPress\/wp-json\/wp\/v2\/types\/page"}],"author":[{"embeddable":true,"href":"https:\/\/jivecats.hopto.org\/WordPress\/wp-json\/wp\/v2\/users\/1"}],"replies":[{"embeddable":true,"href":"https:\/\/jivecats.hopto.org\/WordPress\/wp-json\/wp\/v2\/comments?post=3"}],"version-history":[{"count":2,"href":"https:\/\/jivecats.hopto.org\/WordPress\/wp-json\/wp\/v2\/pages\/3\/revisions"}],"predecessor-version":[{"id":38,"href":"https:\/\/jivecats.hopto.org\/WordPress\/wp-json\/wp\/v2\/pages\/3\/revisions\/38"}],"up":[{"embeddable":true,"href":"https:\/\/jivecats.hopto.org\/WordPress\/wp-json\/wp\/v2\/pages\/34"}],"wp:attachment":[{"href":"https:\/\/jivecats.hopto.org\/WordPress\/wp-json\/wp\/v2\/media?parent=3"}],"curies":[{"name":"wp","href":"https:\/\/api.w.org\/{rel}","templated":true}]}}