{"id":29,"date":"2019-07-30T12:53:11","date_gmt":"2019-07-30T10:53:11","guid":{"rendered":"https:\/\/jivecats.hopto.org\/WordPress\/?page_id=29"},"modified":"2026-02-23T16:45:27","modified_gmt":"2026-02-23T15:45:27","slug":"get-a-taste","status":"publish","type":"page","link":"https:\/\/jivecats.hopto.org\/WordPress\/mitsingen\/get-a-taste\/","title":{"rendered":"Get A Taste!"},"content":{"rendered":"\n<p>In die laufende Staffel kann nicht mehr eingestiegen werden, auf Anfrage eventuell M\u00e4nnerstimmen. <br>Die n\u00e4chste Taster Session ist Ende August. <br>Wenn Du rechtzeitig informiert werden m\u00f6chtest, trag Dich f\u00fcr den <a href=\"https:\/\/jivecats.hopto.org\/WordPress\/mitsingen\/newsletter\/\" data-type=\"page\" data-id=\"85\">Newsletter<\/a> ein!<br><\/p>\n\n\n\n<p><\/p>\n","protected":false},"excerpt":{"rendered":"<p>In die laufende Staffel kann nicht mehr eingestiegen werden, auf Anfrage eventuell M\u00e4nnerstimmen. Die n\u00e4chste Taster Session ist Ende August. Wenn Du rechtzeitig informiert werden m\u00f6chtest, trag Dich f\u00fcr den Newsletter ein!<\/p>\n","protected":false},"author":1,"featured_media":0,"parent":69,"menu_order":0,"comment_status":"closed","ping_status":"closed","template":"","meta":{"footnotes":""},"class_list":["post-29","page","type-page","status-publish","hentry"],"_links":{"self":[{"href":"https:\/\/jivecats.hopto.org\/WordPress\/wp-json\/wp\/v2\/pages\/29","targetHints":{"allow":["GET"]}}],"collection":[{"href":"https:\/\/jivecats.hopto.org\/WordPress\/wp-json\/wp\/v2\/pages"}],"about":[{"href":"https:\/\/jivecats.hopto.org\/WordPress\/wp-json\/wp\/v2\/types\/page"}],"author":[{"embeddable":true,"href":"https:\/\/jivecats.hopto.org\/WordPress\/wp-json\/wp\/v2\/users\/1"}],"replies":[{"embeddable":true,"href":"https:\/\/jivecats.hopto.org\/WordPress\/wp-json\/wp\/v2\/comments?post=29"}],"version-history":[{"count":51,"href":"https:\/\/jivecats.hopto.org\/WordPress\/wp-json\/wp\/v2\/pages\/29\/revisions"}],"predecessor-version":[{"id":2472,"href":"https:\/\/jivecats.hopto.org\/WordPress\/wp-json\/wp\/v2\/pages\/29\/revisions\/2472"}],"up":[{"embeddable":true,"href":"https:\/\/jivecats.hopto.org\/WordPress\/wp-json\/wp\/v2\/pages\/69"}],"wp:attachment":[{"href":"https:\/\/jivecats.hopto.org\/WordPress\/wp-json\/wp\/v2\/media?parent=29"}],"curies":[{"name":"wp","href":"https:\/\/api.w.org\/{rel}","templated":true}]}}